{"id":1453,"date":"2020-04-30T11:12:41","date_gmt":"2020-04-30T11:12:41","guid":{"rendered":"https:\/\/yp.oxio.solutions\/?page_id=1453"},"modified":"2026-01-30T18:49:23","modified_gmt":"2026-01-30T15:49:23","slug":"iletisim","status":"publish","type":"page","link":"https:\/\/yenidenpsikoloji.com\/en\/contact\/","title":{"rendered":"Contact Us"},"content":{"rendered":"<div data-elementor-type=\"wp-page\" data-elementor-id=\"1453\" class=\"elementor elementor-1453\">\n\t\t\t\t\t\t<section class=\"elementor-section elementor-top-section elementor-element elementor-element-48e97c78 elementor-section-boxed elementor-section-height-default elementor-section-height-default sc_fly_static\" data-id=\"48e97c78\" data-element_type=\"section\" data-e-type=\"section\">\n\t\t\t\t\t\t<div class=\"elementor-container elementor-column-gap-extended\">\n\t\t\t\t\t<div class=\"elementor-column elementor-col-100 elementor-top-column elementor-element elementor-element-dc3191b sc_inner_width_none sc_content_align_inherit sc_layouts_column_icons_position_left sc_fly_static\" data-id=\"dc3191b\" data-element_type=\"column\" data-e-type=\"column\">\n\t\t\t<div class=\"elementor-widget-wrap elementor-element-populated\">\n\t\t\t\t\t\t<section class=\"elementor-section elementor-inner-section elementor-element elementor-element-f2e62f0 elementor-section-boxed elementor-section-height-default elementor-section-height-default sc_fly_static\" data-id=\"f2e62f0\" data-element_type=\"section\" data-e-type=\"section\">\n\t\t\t\t\t\t<div class=\"elementor-container elementor-column-gap-extended\">\n\t\t\t\t\t<div class=\"elementor-column elementor-col-50 elementor-inner-column elementor-element elementor-element-bd5b5e2 sc_inner_width_none sc_content_align_inherit sc_layouts_column_icons_position_left sc_fly_static\" data-id=\"bd5b5e2\" data-element_type=\"column\" data-e-type=\"column\">\n\t\t\t<div class=\"elementor-widget-wrap elementor-element-populated\">\n\t\t\t\t\t\t<div class=\"elementor-element elementor-element-bc22632 elementor-widget__width-initial sc_fly_static elementor-widget elementor-widget-image\" data-id=\"bc22632\" data-element_type=\"widget\" data-e-type=\"widget\" data-widget_type=\"image.default\">\n\t\t\t\t<div class=\"elementor-widget-container\">\n\t\t\t\t\t\t\t\t\t\t\t\t\t\t\t<img fetchpriority=\"high\" decoding=\"async\" width=\"1024\" height=\"1022\" src=\"https:\/\/yenidenpsikoloji.com\/wp-content\/uploads\/2024\/09\/contact-us-1024x1022.jpg\" class=\"attachment-large size-large wp-image-28877\" alt=\"\" srcset=\"https:\/\/yenidenpsikoloji.com\/wp-content\/uploads\/2024\/09\/contact-us-1024x1022.jpg 1024w, https:\/\/yenidenpsikoloji.com\/wp-content\/uploads\/2024\/09\/contact-us-300x300.jpg 300w, https:\/\/yenidenpsikoloji.com\/wp-content\/uploads\/2024\/09\/contact-us-150x150.jpg 150w, https:\/\/yenidenpsikoloji.com\/wp-content\/uploads\/2024\/09\/contact-us-768x767.jpg 768w, https:\/\/yenidenpsikoloji.com\/wp-content\/uploads\/2024\/09\/contact-us-12x12.jpg 12w, https:\/\/yenidenpsikoloji.com\/wp-content\/uploads\/2024\/09\/contact-us-370x370.jpg 370w, https:\/\/yenidenpsikoloji.com\/wp-content\/uploads\/2024\/09\/contact-us-120x120.jpg 120w, https:\/\/yenidenpsikoloji.com\/wp-content\/uploads\/2024\/09\/contact-us-840x839.jpg 840w, https:\/\/yenidenpsikoloji.com\/wp-content\/uploads\/2024\/09\/contact-us-410x409.jpg 410w, https:\/\/yenidenpsikoloji.com\/wp-content\/uploads\/2024\/09\/contact-us.jpg 1200w\" sizes=\"(max-width: 1024px) 100vw, 1024px\" \/>\t\t\t\t\t\t\t\t\t\t\t\t\t\t\t<\/div>\n\t\t\t\t<\/div>\n\t\t\t\t\t<\/div>\n\t\t<\/div>\n\t\t\t\t<div class=\"elementor-column elementor-col-50 elementor-inner-column elementor-element elementor-element-a578d59 sc_inner_width_none sc_content_align_inherit sc_layouts_column_icons_position_left sc_fly_static\" data-id=\"a578d59\" data-element_type=\"column\" data-e-type=\"column\">\n\t\t\t<div class=\"elementor-widget-wrap elementor-element-populated\">\n\t\t\t\t\t\t<div class=\"elementor-element elementor-element-5caa4308 elementor-widget__width-initial sc_fly_static elementor-widget elementor-widget-trx_sc_title\" data-id=\"5caa4308\" data-element_type=\"widget\" data-e-type=\"widget\" data-widget_type=\"trx_sc_title.default\">\n\t\t\t\t<div class=\"elementor-widget-container\">\n\t\t\t\t\t<div\t\tclass=\"sc_title sc_title_default\" ><span class=\"sc_item_subtitle sc_title_subtitle sc_item_subtitle_above sc_item_title_style_default\">Contact Us<\/span><h1 class=\"sc_item_title sc_title_title sc_item_title_style_default sc_item_title_tag\"\n\t\t\t><span class=\"sc_item_title_text\">Do you have any questions or would you like to schedule a consultation?<\/span><\/h1><\/div>\t\t\t\t<\/div>\n\t\t\t\t<\/div>\n\t\t\t\t<div class=\"elementor-element elementor-element-6ab58d6 sc_fly_static elementor-widget elementor-widget-text-editor\" data-id=\"6ab58d6\" data-element_type=\"widget\" data-e-type=\"widget\" data-widget_type=\"text-editor.default\">\n\t\t\t\t<div class=\"elementor-widget-container\">\n\t\t\t\t\t\t\t\t\t<p><strong>Reach us by email anytime, or call us weekdays between 09:00-18:00 to schedule.<\/strong><\/p>\n<p><strong>E-mail: info@yenidenpsikoloji.com&nbsp;<\/strong><\/p><p><strong>Telefon: +90 501 043 05 83<\/strong><\/p>\n<p><strong>\u0130letinize en k\u0131sa s\u00fcrede, en ge\u00e7 48 saat i\u00e7inde cevap verilecektir. Yan\u0131t alamaman\u0131z durumunda, l\u00fctfen iletinizin ula\u015ft\u0131\u011f\u0131n\u0131 teyit etmek i\u00e7in telefonla ileti\u015fime ge\u00e7iniz.<\/strong><\/p>\t\t\t\t\t\t\t\t<\/div>\n\t\t\t\t<\/div>\n\t\t\t\t\t<\/div>\n\t\t<\/div>\n\t\t\t\t\t<\/div>\n\t\t<\/section>\n\t\t\t\t\t<\/div>\n\t\t<\/div>\n\t\t\t\t\t<\/div>\n\t\t<\/section>\n\t\t\t\t<section class=\"elementor-section elementor-top-section elementor-element elementor-element-20e35f67 elementor-section-boxed elementor-section-height-default elementor-section-height-default sc_fly_static\" data-id=\"20e35f67\" data-element_type=\"section\" data-e-type=\"section\">\n\t\t\t\t\t\t<div class=\"elementor-container elementor-column-gap-extended\">\n\t\t\t\t\t<div class=\"elementor-column elementor-col-100 elementor-top-column elementor-element elementor-element-417c6aa4 sc_inner_width_none sc_content_align_inherit sc_layouts_column_icons_position_left sc_fly_static\" data-id=\"417c6aa4\" data-element_type=\"column\" data-e-type=\"column\">\n\t\t\t<div class=\"elementor-widget-wrap elementor-element-populated\">\n\t\t\t\t\t\t<div class=\"elementor-element elementor-element-b380ab9 sc_layouts_hide_on_mobile sc_fly_static elementor-widget elementor-widget-spacer\" data-id=\"b380ab9\" data-element_type=\"widget\" data-e-type=\"widget\" data-widget_type=\"spacer.default\">\n\t\t\t\t<div class=\"elementor-widget-container\">\n\t\t\t\t\t\t\t<div class=\"elementor-spacer\">\n\t\t\t<div class=\"elementor-spacer-inner\"><\/div>\n\t\t<\/div>\n\t\t\t\t\t\t<\/div>\n\t\t\t\t<\/div>\n\t\t\t\t<div class=\"elementor-element elementor-element-51b016c8 sc_height_small sc_fly_static elementor-widget elementor-widget-spacer\" data-id=\"51b016c8\" data-element_type=\"widget\" data-e-type=\"widget\" data-widget_type=\"spacer.default\">\n\t\t\t\t<div class=\"elementor-widget-container\">\n\t\t\t\t\t\t\t<div class=\"elementor-spacer\">\n\t\t\t<div class=\"elementor-spacer-inner\"><\/div>\n\t\t<\/div>\n\t\t\t\t\t\t<\/div>\n\t\t\t\t<\/div>\n\t\t\t\t<div class=\"elementor-element elementor-element-2bf77cb4 extra_hover sc_fly_static elementor-widget elementor-widget-trx_sc_icons\" data-id=\"2bf77cb4\" data-element_type=\"widget\" data-e-type=\"widget\" data-widget_type=\"trx_sc_icons.default\">\n\t\t\t\t<div class=\"elementor-widget-container\">\n\t\t\t\t\t<div \tclass=\"sc_icons sc_icons_number sc_icons_size_small sc_align_center\" ><div class=\"sc_icons_columns_wrap sc_item_columns trx_addons_columns_wrap columns_padding_bottom columns_in_single_row\" ><div class=\"trx_addons_column-1_3\"><div class=\"sc_icons_item sc_icons_item_linked\"><span class=\"sc_icons_item_number\">01<\/span>                <div class=\"sc_icons_item_header\"><h4 class=\"sc_icons_item_title\"><a href=\"tel:+905010430583\">\n                                +90 501 043 05 83                                <\/a><\/h4><\/div><div class=\"sc_icons_item_details\"><a href=\"tel:+905010430583\"\n                        class=\"sc_icons_item_link\">\n                        <\/a><\/div><\/div><\/div><div class=\"trx_addons_column-1_3\"><div class=\"sc_icons_item sc_icons_item_linked\"><span class=\"sc_icons_item_number\">02<\/span>                <div class=\"sc_icons_item_header\"><h4 class=\"sc_icons_item_title\"><a href=\"mailto:info@yenidenpsikoloji.com\">\n                                info@yenidenpsikoloji.com                                <\/a><\/h4><\/div><div class=\"sc_icons_item_details\"><a href=\"mailto:info@yenidenpsikoloji.com\"\n                        class=\"sc_icons_item_link\">\n                        <\/a><\/div><\/div><\/div><div class=\"trx_addons_column-1_3\"><div class=\"sc_icons_item\"><span class=\"sc_icons_item_number\">03<\/span>                <div class=\"sc_icons_item_header\"><h4 class=\"sc_icons_item_title\"><span>Kad\u0131k\u00f6y - \u0130stanbul<\/span><\/h4><\/div><\/div><\/div><\/div><\/div><!-- \/.sc_icons -->\t\t\t\t<\/div>\n\t\t\t\t<\/div>\n\t\t\t\t<div class=\"elementor-element elementor-element-5a4d8d3 sc_layouts_hide_on_tablet sc_fly_static elementor-widget elementor-widget-spacer\" data-id=\"5a4d8d3\" data-element_type=\"widget\" data-e-type=\"widget\" data-widget_type=\"spacer.default\">\n\t\t\t\t<div class=\"elementor-widget-container\">\n\t\t\t\t\t\t\t<div class=\"elementor-spacer\">\n\t\t\t<div class=\"elementor-spacer-inner\"><\/div>\n\t\t<\/div>\n\t\t\t\t\t\t<\/div>\n\t\t\t\t<\/div>\n\t\t\t\t\t<\/div>\n\t\t<\/div>\n\t\t\t\t\t<\/div>\n\t\t<\/section>\n\t\t\t\t<\/div>","protected":false},"excerpt":{"rendered":"<p>Bize Ula\u015f\u0131n Sormak istedikleriniz mi var ya da \u00f6n g\u00f6r\u00fc\u015fme i\u00e7in randevu almak m\u0131 istiyorsunuz? Bilgi almak i\u00e7in e-posta yoluyla ya da haftai\u00e7i her g\u00fcn saat 09:00-18:00 aras\u0131nda telefon yoluyla&hellip;<\/p>","protected":false},"author":1,"featured_media":0,"parent":0,"menu_order":0,"comment_status":"closed","ping_status":"closed","template":"","meta":{"footnotes":""},"class_list":["post-1453","page","type-page","status-publish","hentry"],"yoast_head":"<!-- This site is optimized with the Yoast SEO plugin v27.6 - https:\/\/yoast.com\/product\/yoast-seo-wordpress\/ -->\n<title>Bize Ula\u015f\u0131n - Yeniden Psikoloji<\/title>\n<meta name=\"description\" content=\"Psikolojik dan\u0131\u015fmanl\u0131k hakk\u0131nda bilgi almak veya randevu olu\u015fturmak i\u00e7in bize ula\u015f\u0131n.\" \/>\n<meta name=\"robots\" content=\"index, follow, max-snippet:-1, max-image-preview:large, max-video-preview:-1\" \/>\n<link rel=\"canonical\" href=\"https:\/\/yenidenpsikoloji.com\/en\/contact\/\" \/>\n<meta property=\"og:locale\" content=\"en_US\" \/>\n<meta property=\"og:type\" content=\"article\" \/>\n<meta property=\"og:title\" content=\"Bize Ula\u015f\u0131n - Yeniden Psikoloji\" \/>\n<meta property=\"og:description\" content=\"Psikolojik dan\u0131\u015fmanl\u0131k hakk\u0131nda bilgi almak veya randevu olu\u015fturmak i\u00e7in bize ula\u015f\u0131n.\" \/>\n<meta property=\"og:url\" content=\"https:\/\/yenidenpsikoloji.com\/en\/contact\/\" \/>\n<meta property=\"og:site_name\" content=\"Yeniden Psikoloji\" \/>\n<meta property=\"article:modified_time\" content=\"2026-01-30T15:49:23+00:00\" \/>\n<meta property=\"og:image\" content=\"https:\/\/yenidenpsikoloji.com\/wp-content\/uploads\/2024\/09\/contact-us.jpg\" \/>\n\t<meta property=\"og:image:width\" content=\"1200\" \/>\n\t<meta property=\"og:image:height\" content=\"1198\" \/>\n\t<meta property=\"og:image:type\" content=\"image\/jpeg\" \/>\n<meta name=\"twitter:card\" content=\"summary_large_image\" \/>\n<meta name=\"twitter:label1\" content=\"Est. reading time\" \/>\n\t<meta name=\"twitter:data1\" content=\"1 minute\" \/>\n<script type=\"application\/ld+json\" class=\"yoast-schema-graph\">{\"@context\":\"https:\\\/\\\/schema.org\",\"@graph\":[{\"@type\":\"WebPage\",\"@id\":\"https:\\\/\\\/yenidenpsikoloji.com\\\/iletisim\\\/\",\"url\":\"https:\\\/\\\/yenidenpsikoloji.com\\\/iletisim\\\/\",\"name\":\"Bize Ula\u015f\u0131n - Yeniden Psikoloji\",\"isPartOf\":{\"@id\":\"https:\\\/\\\/yenidenpsikoloji.com\\\/#website\"},\"primaryImageOfPage\":{\"@id\":\"https:\\\/\\\/yenidenpsikoloji.com\\\/iletisim\\\/#primaryimage\"},\"image\":{\"@id\":\"https:\\\/\\\/yenidenpsikoloji.com\\\/iletisim\\\/#primaryimage\"},\"thumbnailUrl\":\"https:\\\/\\\/yenidenpsikoloji.com\\\/wp-content\\\/uploads\\\/2024\\\/09\\\/contact-us-1024x1022.jpg\",\"datePublished\":\"2020-04-30T11:12:41+00:00\",\"dateModified\":\"2026-01-30T15:49:23+00:00\",\"description\":\"Psikolojik dan\u0131\u015fmanl\u0131k hakk\u0131nda bilgi almak veya randevu olu\u015fturmak i\u00e7in bize ula\u015f\u0131n.\",\"breadcrumb\":{\"@id\":\"https:\\\/\\\/yenidenpsikoloji.com\\\/iletisim\\\/#breadcrumb\"},\"inLanguage\":\"en-US\",\"potentialAction\":[{\"@type\":\"ReadAction\",\"target\":[\"https:\\\/\\\/yenidenpsikoloji.com\\\/iletisim\\\/\"]}]},{\"@type\":\"ImageObject\",\"inLanguage\":\"en-US\",\"@id\":\"https:\\\/\\\/yenidenpsikoloji.com\\\/iletisim\\\/#primaryimage\",\"url\":\"https:\\\/\\\/yenidenpsikoloji.com\\\/wp-content\\\/uploads\\\/2024\\\/09\\\/contact-us-1024x1022.jpg\",\"contentUrl\":\"https:\\\/\\\/yenidenpsikoloji.com\\\/wp-content\\\/uploads\\\/2024\\\/09\\\/contact-us-1024x1022.jpg\"},{\"@type\":\"BreadcrumbList\",\"@id\":\"https:\\\/\\\/yenidenpsikoloji.com\\\/iletisim\\\/#breadcrumb\",\"itemListElement\":[{\"@type\":\"ListItem\",\"position\":1,\"name\":\"Anasayfa\",\"item\":\"https:\\\/\\\/yenidenpsikoloji.com\\\/\"},{\"@type\":\"ListItem\",\"position\":2,\"name\":\"Bize Ula\u015f\u0131n\"}]},{\"@type\":\"WebSite\",\"@id\":\"https:\\\/\\\/yenidenpsikoloji.com\\\/#website\",\"url\":\"https:\\\/\\\/yenidenpsikoloji.com\\\/\",\"name\":\"Yeniden Psikoloji\",\"description\":\"\",\"publisher\":{\"@id\":\"https:\\\/\\\/yenidenpsikoloji.com\\\/#organization\"},\"potentialAction\":[{\"@type\":\"SearchAction\",\"target\":{\"@type\":\"EntryPoint\",\"urlTemplate\":\"https:\\\/\\\/yenidenpsikoloji.com\\\/?s={search_term_string}\"},\"query-input\":{\"@type\":\"PropertyValueSpecification\",\"valueRequired\":true,\"valueName\":\"search_term_string\"}}],\"inLanguage\":\"en-US\"},{\"@type\":\"Organization\",\"@id\":\"https:\\\/\\\/yenidenpsikoloji.com\\\/#organization\",\"name\":\"Yeniden Psikoloji\",\"url\":\"https:\\\/\\\/yenidenpsikoloji.com\\\/\",\"logo\":{\"@type\":\"ImageObject\",\"inLanguage\":\"en-US\",\"@id\":\"https:\\\/\\\/yenidenpsikoloji.com\\\/#\\\/schema\\\/logo\\\/image\\\/\",\"url\":\"https:\\\/\\\/yenidenpsikoloji.com\\\/wp-content\\\/uploads\\\/2023\\\/01\\\/yeniden-logo.png\",\"contentUrl\":\"https:\\\/\\\/yenidenpsikoloji.com\\\/wp-content\\\/uploads\\\/2023\\\/01\\\/yeniden-logo.png\",\"width\":400,\"height\":62,\"caption\":\"Yeniden Psikoloji\"},\"image\":{\"@id\":\"https:\\\/\\\/yenidenpsikoloji.com\\\/#\\\/schema\\\/logo\\\/image\\\/\"}}]}<\/script>\n<!-- \/ Yoast SEO plugin. -->","yoast_head_json":{"title":"Bize Ula\u015f\u0131n - Yeniden Psikoloji","description":"Psikolojik dan\u0131\u015fmanl\u0131k hakk\u0131nda bilgi almak veya randevu olu\u015fturmak i\u00e7in bize ula\u015f\u0131n.","robots":{"index":"index","follow":"follow","max-snippet":"max-snippet:-1","max-image-preview":"max-image-preview:large","max-video-preview":"max-video-preview:-1"},"canonical":"https:\/\/yenidenpsikoloji.com\/en\/contact\/","og_locale":"en_US","og_type":"article","og_title":"Bize Ula\u015f\u0131n - Yeniden Psikoloji","og_description":"Psikolojik dan\u0131\u015fmanl\u0131k hakk\u0131nda bilgi almak veya randevu olu\u015fturmak i\u00e7in bize ula\u015f\u0131n.","og_url":"https:\/\/yenidenpsikoloji.com\/en\/contact\/","og_site_name":"Yeniden Psikoloji","article_modified_time":"2026-01-30T15:49:23+00:00","og_image":[{"width":1200,"height":1198,"url":"https:\/\/yenidenpsikoloji.com\/wp-content\/uploads\/2024\/09\/contact-us.jpg","type":"image\/jpeg"}],"twitter_card":"summary_large_image","twitter_misc":{"Est. reading time":"1 minute"},"schema":{"@context":"https:\/\/schema.org","@graph":[{"@type":"WebPage","@id":"https:\/\/yenidenpsikoloji.com\/iletisim\/","url":"https:\/\/yenidenpsikoloji.com\/iletisim\/","name":"Bize Ula\u015f\u0131n - Yeniden Psikoloji","isPartOf":{"@id":"https:\/\/yenidenpsikoloji.com\/#website"},"primaryImageOfPage":{"@id":"https:\/\/yenidenpsikoloji.com\/iletisim\/#primaryimage"},"image":{"@id":"https:\/\/yenidenpsikoloji.com\/iletisim\/#primaryimage"},"thumbnailUrl":"https:\/\/yenidenpsikoloji.com\/wp-content\/uploads\/2024\/09\/contact-us-1024x1022.jpg","datePublished":"2020-04-30T11:12:41+00:00","dateModified":"2026-01-30T15:49:23+00:00","description":"Psikolojik dan\u0131\u015fmanl\u0131k hakk\u0131nda bilgi almak veya randevu olu\u015fturmak i\u00e7in bize ula\u015f\u0131n.","breadcrumb":{"@id":"https:\/\/yenidenpsikoloji.com\/iletisim\/#breadcrumb"},"inLanguage":"en-US","potentialAction":[{"@type":"ReadAction","target":["https:\/\/yenidenpsikoloji.com\/iletisim\/"]}]},{"@type":"ImageObject","inLanguage":"en-US","@id":"https:\/\/yenidenpsikoloji.com\/iletisim\/#primaryimage","url":"https:\/\/yenidenpsikoloji.com\/wp-content\/uploads\/2024\/09\/contact-us-1024x1022.jpg","contentUrl":"https:\/\/yenidenpsikoloji.com\/wp-content\/uploads\/2024\/09\/contact-us-1024x1022.jpg"},{"@type":"BreadcrumbList","@id":"https:\/\/yenidenpsikoloji.com\/iletisim\/#breadcrumb","itemListElement":[{"@type":"ListItem","position":1,"name":"Anasayfa","item":"https:\/\/yenidenpsikoloji.com\/"},{"@type":"ListItem","position":2,"name":"Bize Ula\u015f\u0131n"}]},{"@type":"WebSite","@id":"https:\/\/yenidenpsikoloji.com\/#website","url":"https:\/\/yenidenpsikoloji.com\/","name":"Yeniden Psikoloji","description":"","publisher":{"@id":"https:\/\/yenidenpsikoloji.com\/#organization"},"potentialAction":[{"@type":"SearchAction","target":{"@type":"EntryPoint","urlTemplate":"https:\/\/yenidenpsikoloji.com\/?s={search_term_string}"},"query-input":{"@type":"PropertyValueSpecification","valueRequired":true,"valueName":"search_term_string"}}],"inLanguage":"en-US"},{"@type":"Organization","@id":"https:\/\/yenidenpsikoloji.com\/#organization","name":"Yeniden Psikoloji","url":"https:\/\/yenidenpsikoloji.com\/","logo":{"@type":"ImageObject","inLanguage":"en-US","@id":"https:\/\/yenidenpsikoloji.com\/#\/schema\/logo\/image\/","url":"https:\/\/yenidenpsikoloji.com\/wp-content\/uploads\/2023\/01\/yeniden-logo.png","contentUrl":"https:\/\/yenidenpsikoloji.com\/wp-content\/uploads\/2023\/01\/yeniden-logo.png","width":400,"height":62,"caption":"Yeniden Psikoloji"},"image":{"@id":"https:\/\/yenidenpsikoloji.com\/#\/schema\/logo\/image\/"}}]}},"_links":{"self":[{"href":"https:\/\/yenidenpsikoloji.com\/en\/wp-json\/wp\/v2\/pages\/1453","targetHints":{"allow":["GET"]}}],"collection":[{"href":"https:\/\/yenidenpsikoloji.com\/en\/wp-json\/wp\/v2\/pages"}],"about":[{"href":"https:\/\/yenidenpsikoloji.com\/en\/wp-json\/wp\/v2\/types\/page"}],"author":[{"embeddable":true,"href":"https:\/\/yenidenpsikoloji.com\/en\/wp-json\/wp\/v2\/users\/1"}],"replies":[{"embeddable":true,"href":"https:\/\/yenidenpsikoloji.com\/en\/wp-json\/wp\/v2\/comments?post=1453"}],"version-history":[{"count":95,"href":"https:\/\/yenidenpsikoloji.com\/en\/wp-json\/wp\/v2\/pages\/1453\/revisions"}],"predecessor-version":[{"id":29190,"href":"https:\/\/yenidenpsikoloji.com\/en\/wp-json\/wp\/v2\/pages\/1453\/revisions\/29190"}],"wp:attachment":[{"href":"https:\/\/yenidenpsikoloji.com\/en\/wp-json\/wp\/v2\/media?parent=1453"}],"curies":[{"name":"wp","href":"https:\/\/api.w.org\/{rel}","templated":true}]}}